{"id":23,"date":"2022-02-10T20:30:08","date_gmt":"2022-02-10T20:30:08","guid":{"rendered":"https:\/\/orientalsushi.com.br\/loja\/?page_id=23"},"modified":"2022-05-23T17:17:40","modified_gmt":"2022-05-23T20:17:40","slug":"sobre","status":"publish","type":"page","link":"https:\/\/orientalsushi.com.br\/loja\/sobre\/","title":{"rendered":"Oriental Sushi"},"content":{"rendered":"\n<p>Desde 2015 trouxemos para o mercado uma nova posi\u00e7\u00e3o de distribui\u00e7\u00e3o, posicionamento<\/p>\n","protected":false},"excerpt":{"rendered":"<p>Desde 2015 trouxemos para o mercado uma nova posi\u00e7\u00e3o de distribui\u00e7\u00e3o, posicionamento<\/p>\n","protected":false},"author":1,"featured_media":0,"parent":0,"menu_order":0,"comment_status":"closed","ping_status":"closed","template":"","meta":{"footnotes":""},"class_list":["post-23","page","type-page","status-publish","hentry"],"_links":{"self":[{"href":"https:\/\/orientalsushi.com.br\/loja\/wp-json\/wp\/v2\/pages\/23","targetHints":{"allow":["GET"]}}],"collection":[{"href":"https:\/\/orientalsushi.com.br\/loja\/wp-json\/wp\/v2\/pages"}],"about":[{"href":"https:\/\/orientalsushi.com.br\/loja\/wp-json\/wp\/v2\/types\/page"}],"author":[{"embeddable":true,"href":"https:\/\/orientalsushi.com.br\/loja\/wp-json\/wp\/v2\/users\/1"}],"replies":[{"embeddable":true,"href":"https:\/\/orientalsushi.com.br\/loja\/wp-json\/wp\/v2\/comments?post=23"}],"version-history":[{"count":3,"href":"https:\/\/orientalsushi.com.br\/loja\/wp-json\/wp\/v2\/pages\/23\/revisions"}],"predecessor-version":[{"id":274,"href":"https:\/\/orientalsushi.com.br\/loja\/wp-json\/wp\/v2\/pages\/23\/revisions\/274"}],"wp:attachment":[{"href":"https:\/\/orientalsushi.com.br\/loja\/wp-json\/wp\/v2\/media?parent=23"}],"curies":[{"name":"wp","href":"https:\/\/api.w.org\/{rel}","templated":true}]}}